{"id":12,"date":"2024-12-18T13:24:17","date_gmt":"2024-12-18T13:24:17","guid":{"rendered":"https:\/\/moroccotourdesigners.com\/?page_id=12"},"modified":"2025-02-06T23:36:32","modified_gmt":"2025-02-06T23:36:32","slug":"a-propos","status":"publish","type":"page","link":"https:\/\/moroccotourdesigners.com\/fr\/a-propos\/","title":{"rendered":"about"},"content":{"rendered":"<div data-elementor-type=\"wp-page\" data-elementor-id=\"12\" class=\"elementor elementor-12\">\n\t\t\t\t\t\t<section class=\"elementor-section elementor-top-section elementor-element elementor-element-3167663 elementor-section-height-min-height elementor-section-boxed elementor-section-height-default elementor-section-items-middle\" data-id=\"3167663\" data-element_type=\"section\" data-settings=\"{&quot;background_background&quot;:&quot;classic&quot;}\">\n\t\t\t\t\t\t<div class=\"elementor-container elementor-column-gap-default\">\n\t\t\t\t\t<div class=\"elementor-column elementor-col-100 elementor-top-column elementor-element elementor-element-d978bd3\" data-id=\"d978bd3\" data-element_type=\"column\">\n\t\t\t<div class=\"elementor-widget-wrap elementor-element-populated\">\n\t\t\t\t\t\t<div class=\"elementor-element elementor-element-7c938b2 elementor-invisible elementor-widget elementor-widget-heading\" data-id=\"7c938b2\" data-element_type=\"widget\" data-settings=\"{&quot;_animation&quot;:&quot;fadeInUp&quot;}\" data-widget_type=\"heading.default\">\n\t\t\t\t<div class=\"elementor-widget-container\">\n\t\t\t\t\t<h2 class=\"elementor-heading-title elementor-size-default\">\u00c0 propos<\/h2>\t\t\t\t<\/div>\n\t\t\t\t<\/div>\n\t\t\t\t\t<\/div>\n\t\t<\/div>\n\t\t\t\t\t<\/div>\n\t\t<\/section>\n\t\t\t\t<section class=\"elementor-section elementor-top-section elementor-element elementor-element-82376b0 elementor-section-boxed elementor-section-height-default elementor-section-height-default\" data-id=\"82376b0\" data-element_type=\"section\" data-settings=\"{&quot;background_background&quot;:&quot;classic&quot;}\">\n\t\t\t\t\t\t<div class=\"elementor-container elementor-column-gap-default\">\n\t\t\t\t\t<div class=\"elementor-column elementor-col-50 elementor-top-column elementor-element elementor-element-3c05a77\" data-id=\"3c05a77\" data-element_type=\"column\">\n\t\t\t<div class=\"elementor-widget-wrap elementor-element-populated\">\n\t\t\t\t\t\t<div class=\"elementor-element elementor-element-e89f92a elementor-invisible elementor-widget elementor-widget-heading\" data-id=\"e89f92a\" data-element_type=\"widget\" data-settings=\"{&quot;_animation&quot;:&quot;fadeInUp&quot;}\" data-widget_type=\"heading.default\">\n\t\t\t\t<div class=\"elementor-widget-container\">\n\t\t\t\t\t<h2 class=\"elementor-heading-title elementor-size-default\">HATIM, le fondateur de Morocco Tour Designers<span style=\"background-color: var(--ast-global-color-5); font-style: inherit;\"><\/span><\/h2>\t\t\t\t<\/div>\n\t\t\t\t<\/div>\n\t\t\t\t<div class=\"elementor-element elementor-element-c558962 elementor-invisible elementor-widget elementor-widget-text-editor\" data-id=\"c558962\" data-element_type=\"widget\" data-settings=\"{&quot;_animation&quot;:&quot;fadeInUp&quot;}\" data-widget_type=\"text-editor.default\">\n\t\t\t\t<div class=\"elementor-widget-container\">\n\t\t\t\t\t\t\t\t\t<p>Gr\u00e2ce \u00e0 sa formation acad\u00e9mique, son amour pour la philosophie en tant que discipline au sens large, ses nombreuses ann\u00e9es de voyages \u00e0 l'\u00e9tranger et son exp\u00e9rience en tant que cr\u00e9ateur de circuits au Maroc, Hatim a d\u00e9velopp\u00e9 une passion durable pour voyager \u00e0 travers des environnements extraordinaires, rencontrer des personnes issues de cultures diff\u00e9rentes, admirer les monuments, mus\u00e9es et jardins magnifiques cr\u00e9\u00e9s par l'homme, d\u00e9ambuler dans les march\u00e9s du monde entier, et toucher les mat\u00e9riaux et les objets artisanaux fabriqu\u00e9s par des artisans. Sur la base de cette exp\u00e9rience tr\u00e8s personnelle, Hatim souhaite d\u00e9sormais transmettre le plaisir et l'excitation qu'il a ressentis au cours de ces trente ann\u00e9es \u2013 d'o\u00f9 la cr\u00e9ation de Morocco Tour Designers, anciennement appel\u00e9 Quintessentially Morocco. Bien que \"La Dimension Essentielle\" fasse partie int\u00e9grante de notre philosophie, afin d'\u00e9viter toute confusion avec les pionniers de Quintessentially, nous avons pr\u00e9f\u00e9r\u00e9 opter pour Morocco Tour Designers. Voici deux blogs ci-joints : <a href=\"https:\/\/moroccotourdesigners.com\/fr\/the-quintessential-dimension\/\">La Dimension Essentielle<\/a> Et pourquoi \"Quintessentially\"?<\/p>\t\t\t\t\t\t\t\t<\/div>\n\t\t\t\t<\/div>\n\t\t\t\t\t<\/div>\n\t\t<\/div>\n\t\t\t\t<div class=\"elementor-column elementor-col-50 elementor-top-column elementor-element elementor-element-ce88a43\" data-id=\"ce88a43\" data-element_type=\"column\">\n\t\t\t<div class=\"elementor-widget-wrap elementor-element-populated\">\n\t\t\t\t\t\t<div class=\"elementor-element elementor-element-b21a14d animated-slow elementor-invisible elementor-widget elementor-widget-image\" data-id=\"b21a14d\" data-element_type=\"widget\" data-settings=\"{&quot;_animation&quot;:&quot;fadeIn&quot;}\" data-widget_type=\"image.default\">\n\t\t\t\t<div class=\"elementor-widget-container\">\n\t\t\t\t\t\t\t\t\t\t\t\t\t\t\t<img fetchpriority=\"high\" decoding=\"async\" width=\"1024\" height=\"1024\" src=\"https:\/\/moroccotourdesigners.com\/wp-content\/uploads\/2025\/01\/AI-MTD-6-1024x1024.jpeg\" class=\"elementor-animation-float attachment-large size-large wp-image-535\" alt=\"\" srcset=\"https:\/\/moroccotourdesigners.com\/wp-content\/uploads\/2025\/01\/AI-MTD-6-1024x1024.jpeg 1024w, https:\/\/moroccotourdesigners.com\/wp-content\/uploads\/2025\/01\/AI-MTD-6-300x300.jpeg 300w, https:\/\/moroccotourdesigners.com\/wp-content\/uploads\/2025\/01\/AI-MTD-6-150x150.jpeg 150w, https:\/\/moroccotourdesigners.com\/wp-content\/uploads\/2025\/01\/AI-MTD-6-768x768.jpeg 768w, https:\/\/moroccotourdesigners.com\/wp-content\/uploads\/2025\/01\/AI-MTD-6-1536x1536.jpeg 1536w, https:\/\/moroccotourdesigners.com\/wp-content\/uploads\/2025\/01\/AI-MTD-6.jpeg 2048w\" sizes=\"(max-width: 1024px) 100vw, 1024px\" \/>\t\t\t\t\t\t\t\t\t\t\t\t\t\t\t<\/div>\n\t\t\t\t<\/div>\n\t\t\t\t\t<\/div>\n\t\t<\/div>\n\t\t\t\t\t<\/div>\n\t\t<\/section>\n\t\t\t\t<section class=\"elementor-section elementor-top-section elementor-element elementor-element-ccb4015 elementor-section-boxed elementor-section-height-default elementor-section-height-default\" data-id=\"ccb4015\" data-element_type=\"section\" data-settings=\"{&quot;background_background&quot;:&quot;classic&quot;}\">\n\t\t\t\t\t\t<div class=\"elementor-container elementor-column-gap-default\">\n\t\t\t\t\t<div class=\"elementor-column elementor-col-50 elementor-top-column elementor-element elementor-element-6ae5fa8\" data-id=\"6ae5fa8\" data-element_type=\"column\">\n\t\t\t<div class=\"elementor-widget-wrap elementor-element-populated\">\n\t\t\t\t\t\t<div class=\"elementor-element elementor-element-211de1a animated-slow elementor-invisible elementor-widget elementor-widget-image\" data-id=\"211de1a\" data-element_type=\"widget\" data-settings=\"{&quot;_animation&quot;:&quot;fadeIn&quot;}\" data-widget_type=\"image.default\">\n\t\t\t\t<div class=\"elementor-widget-container\">\n\t\t\t\t\t\t\t\t\t\t\t\t\t\t\t<img decoding=\"async\" width=\"1024\" height=\"1024\" src=\"https:\/\/moroccotourdesigners.com\/wp-content\/uploads\/2025\/01\/AI-MTD-5-1024x1024.jpeg\" class=\"elementor-animation-float attachment-large size-large wp-image-531\" alt=\"\" srcset=\"https:\/\/moroccotourdesigners.com\/wp-content\/uploads\/2025\/01\/AI-MTD-5-1024x1024.jpeg 1024w, https:\/\/moroccotourdesigners.com\/wp-content\/uploads\/2025\/01\/AI-MTD-5-300x300.jpeg 300w, https:\/\/moroccotourdesigners.com\/wp-content\/uploads\/2025\/01\/AI-MTD-5-150x150.jpeg 150w, https:\/\/moroccotourdesigners.com\/wp-content\/uploads\/2025\/01\/AI-MTD-5-768x768.jpeg 768w, https:\/\/moroccotourdesigners.com\/wp-content\/uploads\/2025\/01\/AI-MTD-5-1536x1536.jpeg 1536w, https:\/\/moroccotourdesigners.com\/wp-content\/uploads\/2025\/01\/AI-MTD-5.jpeg 2048w\" sizes=\"(max-width: 1024px) 100vw, 1024px\" \/>\t\t\t\t\t\t\t\t\t\t\t\t\t\t\t<\/div>\n\t\t\t\t<\/div>\n\t\t\t\t\t<\/div>\n\t\t<\/div>\n\t\t\t\t<div class=\"elementor-column elementor-col-50 elementor-top-column elementor-element elementor-element-41dfa01\" data-id=\"41dfa01\" data-element_type=\"column\">\n\t\t\t<div class=\"elementor-widget-wrap elementor-element-populated\">\n\t\t\t\t\t\t<div class=\"elementor-element elementor-element-b794224 elementor-invisible elementor-widget elementor-widget-text-editor\" data-id=\"b794224\" data-element_type=\"widget\" data-settings=\"{&quot;_animation&quot;:&quot;fadeInUp&quot;}\" data-widget_type=\"text-editor.default\">\n\t\t\t\t<div class=\"elementor-widget-container\">\n\t\t\t\t\t\t\t\t\t<p>Hatim a particip\u00e9 \u00e0 de nombreux s\u00e9minaires et cours li\u00e9s au tourisme, il a \u00e9t\u00e9 le cr\u00e9ateur de nouveaux itin\u00e9raires et d'une terminologie refl\u00e9tant une nouvelle vision du m\u00e9tier de guide touristique. De plus, Hatim a \u00e9t\u00e9 pr\u00e9sident de l'Association des Guides Touristiques de la R\u00e9gion de Marrakech ainsi que pr\u00e9sident de la F\u00e9d\u00e9ration Nationale des Guides Touristiques du Maroc. Morocco Tour Designers sera ravi de collaborer avec votre organisation.<\/p><p>Pour de nombreux clients visitant le Maroc, cette notion de trouver le bon guide est souvent accompagn\u00e9e d'une certaine r\u00e9ticence, inspir\u00e9e principalement par des interrogations sur la confiance et la complexit\u00e9 de telles d\u00e9marches : \u00ab Comment pourrais-je trouver un guide bienveillant, connaissant et cr\u00e9atif ? Aura-t-il suffisamment d'int\u00e9grit\u00e9 ? \u00bb ; \u00ab Comment savoir si nous en aurons pour notre argent ? \u00bb ; \u00ab J'adorerais partir avec un bon guide, mais j'aimerais vraiment le faire \u00e0 mon rythme et \u00e9viter un autre tourbillon du type \u2018excursion standardis\u00e9e\u2019 catastrophique \u00bb ; \u00ab Comment puis-je v\u00e9ritablement d\u00e9couvrir l'essence de la culture locale ? \u00bb. Dissiper ces obstacles per\u00e7us et r\u00e9pondre \u00e0 l'envie de visiter la ville ou de partir en excursion de mani\u00e8re parfaitement agr\u00e9able est au c\u0153ur m\u00eame des services que l'\u00e9quipe MD propose. En collaboration avec notre \u00e9quipe de professionnels du voyage, eux-m\u00eames passionn\u00e9s de voyages, les itin\u00e9raires sont (ou seront) con\u00e7us de mani\u00e8re unique pour refl\u00e9ter vos sensibilit\u00e9s et centres d'int\u00e9r\u00eat.<\/p>\t\t\t\t\t\t\t\t<\/div>\n\t\t\t\t<\/div>\n\t\t\t\t\t<\/div>\n\t\t<\/div>\n\t\t\t\t\t<\/div>\n\t\t<\/section>\n\t\t\t\t<section class=\"elementor-section elementor-top-section elementor-element elementor-element-9b59b1a elementor-section-boxed elementor-section-height-default elementor-section-height-default\" data-id=\"9b59b1a\" data-element_type=\"section\" data-settings=\"{&quot;background_background&quot;:&quot;classic&quot;}\">\n\t\t\t\t\t\t<div class=\"elementor-container elementor-column-gap-default\">\n\t\t\t\t\t<div class=\"elementor-column elementor-col-100 elementor-top-column elementor-element elementor-element-82dbae4\" data-id=\"82dbae4\" data-element_type=\"column\">\n\t\t\t<div class=\"elementor-widget-wrap elementor-element-populated\">\n\t\t\t\t\t\t<div class=\"elementor-element elementor-element-da07dd7 elementor-invisible elementor-widget elementor-widget-text-editor\" data-id=\"da07dd7\" data-element_type=\"widget\" data-settings=\"{&quot;_animation&quot;:&quot;fadeInUp&quot;}\" data-widget_type=\"text-editor.default\">\n\t\t\t\t<div class=\"elementor-widget-container\">\n\t\t\t\t\t\t\t\t\t<p>Avant qu'un guide ne fasse quoi que ce soit, Hatim faisait d\u00e9j\u00e0 tout.<br \/>Laissez l'imagination de vos clients vagabonder, confiez-nous les d\u00e9tails.<\/p>\t\t\t\t\t\t\t\t<\/div>\n\t\t\t\t<\/div>\n\t\t\t\t\t<\/div>\n\t\t<\/div>\n\t\t\t\t\t<\/div>\n\t\t<\/section>\n\t\t\t\t<\/div>","protected":false},"excerpt":{"rendered":"<p>About HATIM, the founder of Morocco Tour Designers Through his academic training, his love for Philosophy as a subject in broad sense, his many years traveling abroad and as a tour creator in Morocco, Hatim developed an enduring passion to travel through extraordinary environments, to visit people with different cultures, to see the magnificent monuments, [&hellip;]<\/p>","protected":false},"author":1,"featured_media":0,"parent":0,"menu_order":0,"comment_status":"closed","ping_status":"closed","template":"","meta":{"site-sidebar-layout":"no-sidebar","site-content-layout":"","ast-site-content-layout":"full-width-container","site-content-style":"default","site-sidebar-style":"default","ast-global-header-display":"","ast-banner-title-visibility":"","ast-main-header-display":"","ast-hfb-above-header-display":"","ast-hfb-below-header-display":"","ast-hfb-mobile-header-display":"","site-post-title":"disabled","ast-breadcrumbs-content":"","ast-featured-img":"disabled","footer-sml-layout":"","theme-transparent-header-meta":"","adv-header-id-meta":"","stick-header-meta":"","header-above-stick-meta":"","header-main-stick-meta":"","header-below-stick-meta":"","astra-migrate-meta-layouts":"default","ast-page-background-enabled":"default","ast-page-background-meta":{"desktop":{"background-color":"var(--ast-global-color-4)","background-image":"","background-repeat":"repeat","background-position":"center center","background-size":"auto","background-attachment":"scroll","background-type":"","background-media":"","overlay-type":"","overlay-color":"","overlay-opacity":"","overlay-gradient":""},"tablet":{"background-color":"","background-image":"","background-repeat":"repeat","background-position":"center center","background-size":"auto","background-attachment":"scroll","background-type":"","background-media":"","overlay-type":"","overlay-color":"","overlay-opacity":"","overlay-gradient":""},"mobile":{"background-color":"","background-image":"","background-repeat":"repeat","background-position":"center center","background-size":"auto","background-attachment":"scroll","background-type":"","background-media":"","overlay-type":"","overlay-color":"","overlay-opacity":"","overlay-gradient":""}},"ast-content-background-meta":{"desktop":{"background-color":"var(--ast-global-color-5)","background-image":"","background-repeat":"repeat","background-position":"center center","background-size":"auto","background-attachment":"scroll","background-type":"","background-media":"","overlay-type":"","overlay-color":"","overlay-opacity":"","overlay-gradient":""},"tablet":{"background-color":"var(--ast-global-color-5)","background-image":"","background-repeat":"repeat","background-position":"center center","background-size":"auto","background-attachment":"scroll","background-type":"","background-media":"","overlay-type":"","overlay-color":"","overlay-opacity":"","overlay-gradient":""},"mobile":{"background-color":"var(--ast-global-color-5)","background-image":"","background-repeat":"repeat","background-position":"center center","background-size":"auto","background-attachment":"scroll","background-type":"","background-media":"","overlay-type":"","overlay-color":"","overlay-opacity":"","overlay-gradient":""}},"footnotes":""},"class_list":["post-12","page","type-page","status-publish","hentry"],"_links":{"self":[{"href":"https:\/\/moroccotourdesigners.com\/fr\/wp-json\/wp\/v2\/pages\/12","targetHints":{"allow":["GET"]}}],"collection":[{"href":"https:\/\/moroccotourdesigners.com\/fr\/wp-json\/wp\/v2\/pages"}],"about":[{"href":"https:\/\/moroccotourdesigners.com\/fr\/wp-json\/wp\/v2\/types\/page"}],"author":[{"embeddable":true,"href":"https:\/\/moroccotourdesigners.com\/fr\/wp-json\/wp\/v2\/users\/1"}],"replies":[{"embeddable":true,"href":"https:\/\/moroccotourdesigners.com\/fr\/wp-json\/wp\/v2\/comments?post=12"}],"version-history":[{"count":53,"href":"https:\/\/moroccotourdesigners.com\/fr\/wp-json\/wp\/v2\/pages\/12\/revisions"}],"predecessor-version":[{"id":981,"href":"https:\/\/moroccotourdesigners.com\/fr\/wp-json\/wp\/v2\/pages\/12\/revisions\/981"}],"wp:attachment":[{"href":"https:\/\/moroccotourdesigners.com\/fr\/wp-json\/wp\/v2\/media?parent=12"}],"curies":[{"name":"wp","href":"https:\/\/api.w.org\/{rel}","templated":true}]}}