{"id":718,"date":"2025-01-22T12:44:24","date_gmt":"2025-01-22T12:44:24","guid":{"rendered":"https:\/\/moroccotourdesigners.com\/?page_id=718"},"modified":"2025-02-06T23:37:58","modified_gmt":"2025-02-06T23:37:58","slug":"your-cultural-tour","status":"publish","type":"page","link":"https:\/\/moroccotourdesigners.com\/fr\/your-cultural-tour\/","title":{"rendered":"Votre visite culturelle"},"content":{"rendered":"<div data-elementor-type=\"wp-page\" data-elementor-id=\"718\" class=\"elementor elementor-718\">\n\t\t\t\t\t\t<section class=\"elementor-section elementor-top-section elementor-element elementor-element-6fd6c97 elementor-section-height-min-height elementor-section-boxed elementor-section-height-default elementor-section-items-middle\" data-id=\"6fd6c97\" data-element_type=\"section\" data-settings=\"{&quot;background_background&quot;:&quot;classic&quot;}\">\n\t\t\t\t\t\t<div class=\"elementor-container elementor-column-gap-default\">\n\t\t\t\t\t<div class=\"elementor-column elementor-col-100 elementor-top-column elementor-element elementor-element-1fca12e\" data-id=\"1fca12e\" data-element_type=\"column\">\n\t\t\t<div class=\"elementor-widget-wrap elementor-element-populated\">\n\t\t\t\t\t\t<div class=\"elementor-element elementor-element-c968757 elementor-invisible elementor-widget elementor-widget-heading\" data-id=\"c968757\" data-element_type=\"widget\" data-settings=\"{&quot;_animation&quot;:&quot;fadeInUp&quot;}\" data-widget_type=\"heading.default\">\n\t\t\t\t<div class=\"elementor-widget-container\">\n\t\t\t\t\t<h2 class=\"elementor-heading-title elementor-size-default\">Votre visite culturelle<\/h2>\t\t\t\t<\/div>\n\t\t\t\t<\/div>\n\t\t\t\t\t<\/div>\n\t\t<\/div>\n\t\t\t\t\t<\/div>\n\t\t<\/section>\n\t\t\t\t<section class=\"elementor-section elementor-top-section elementor-element elementor-element-a354362 elementor-section-boxed elementor-section-height-default elementor-section-height-default\" data-id=\"a354362\" data-element_type=\"section\">\n\t\t\t\t\t\t<div class=\"elementor-container elementor-column-gap-default\">\n\t\t\t\t\t<div class=\"elementor-column elementor-col-50 elementor-top-column elementor-element elementor-element-67a8d57\" data-id=\"67a8d57\" data-element_type=\"column\">\n\t\t\t<div class=\"elementor-widget-wrap elementor-element-populated\">\n\t\t\t\t\t\t<div class=\"elementor-element elementor-element-5de8413 elementor-invisible elementor-widget elementor-widget-text-editor\" data-id=\"5de8413\" data-element_type=\"widget\" data-settings=\"{&quot;_animation&quot;:&quot;fadeInUp&quot;}\" data-widget_type=\"text-editor.default\">\n\t\t\t\t<div class=\"elementor-widget-container\">\n\t\t\t\t\t\t\t\t\t<p>Notre \u00e9quipe fait partie des guides de voyage les plus respect\u00e9s, cr\u00e9atifs et connaissants du Maroc actuel. Aucune autre entreprise ne dispose d'une \u00e9quipe aussi sp\u00e9cialis\u00e9e ou hautement qualifi\u00e9e.<\/p><p><span style=\"font-style: inherit; font-weight: inherit;\">Ils sont vos h\u00f4tes universitaires, dont le r\u00f4le est de vous \u00e9clairer et de vous inspirer, et ils seront \u00e0 vos c\u00f4t\u00e9s pour la dur\u00e9e que vous pr\u00e9f\u00e9rez. Ils expliqueront comment les vestiges physiques d'une ancienne ville sont une expression de la culture, et utiliseront l'ensemble des sites que vous verrez pendant votre voyage pour vous aider \u00e0 vous faire une vue d'ensemble, non seulement de la r\u00e9gion que vous visitez, mais aussi de sa place dans un contexte plus large. Ils le font avec l\u00e9g\u00e8ret\u00e9 et un sens de l'humour toujours pr\u00eat, comme l'affirment nos invit\u00e9s. Ils sont souvent impliqu\u00e9s d\u00e8s le d\u00e9but dans la cr\u00e9ation de nouveaux programmes et sugg\u00e8rent fr\u00e9quemment des modifications ou des ajouts aux circuits \u00e9tablis. Nous souhaitons insuffler personnalit\u00e9 et inventivit\u00e9 \u00e0 votre voyage.<\/span><\/p><p><span style=\"font-style: inherit; font-weight: inherit;\">Nos guides de voyage sont des personnes formidables qui travaillent diligemment en coulisses pour s'assurer que tout se d\u00e9roule de mani\u00e8re efficace et sans souci, offrant ainsi une tourn\u00e9e agr\u00e9able. Ils sont attentionn\u00e9s, int\u00e9ressants et agr\u00e9ables comme compagnons de voyage.<\/span><\/p>\t\t\t\t\t\t\t\t<\/div>\n\t\t\t\t<\/div>\n\t\t\t\t\t<\/div>\n\t\t<\/div>\n\t\t\t\t<div class=\"elementor-column elementor-col-50 elementor-top-column elementor-element elementor-element-ec8dd1a\" data-id=\"ec8dd1a\" data-element_type=\"column\">\n\t\t\t<div class=\"elementor-widget-wrap elementor-element-populated\">\n\t\t\t\t\t\t<div class=\"elementor-element elementor-element-005aef6 animated-slow elementor-invisible elementor-widget elementor-widget-image\" data-id=\"005aef6\" data-element_type=\"widget\" data-settings=\"{&quot;_animation&quot;:&quot;fadeIn&quot;}\" data-widget_type=\"image.default\">\n\t\t\t\t<div class=\"elementor-widget-container\">\n\t\t\t\t\t\t\t\t\t\t\t\t\t\t\t<img fetchpriority=\"high\" decoding=\"async\" width=\"1024\" height=\"1024\" src=\"https:\/\/moroccotourdesigners.com\/wp-content\/uploads\/2025\/01\/cultural-tour-1024x1024.jpeg\" class=\"elementor-animation-float attachment-large size-large wp-image-805\" alt=\"\" srcset=\"https:\/\/moroccotourdesigners.com\/wp-content\/uploads\/2025\/01\/cultural-tour-1024x1024.jpeg 1024w, https:\/\/moroccotourdesigners.com\/wp-content\/uploads\/2025\/01\/cultural-tour-300x300.jpeg 300w, https:\/\/moroccotourdesigners.com\/wp-content\/uploads\/2025\/01\/cultural-tour-150x150.jpeg 150w, https:\/\/moroccotourdesigners.com\/wp-content\/uploads\/2025\/01\/cultural-tour-768x768.jpeg 768w, https:\/\/moroccotourdesigners.com\/wp-content\/uploads\/2025\/01\/cultural-tour-1536x1536.jpeg 1536w, https:\/\/moroccotourdesigners.com\/wp-content\/uploads\/2025\/01\/cultural-tour.jpeg 2048w\" sizes=\"(max-width: 1024px) 100vw, 1024px\" \/>\t\t\t\t\t\t\t\t\t\t\t\t\t\t\t<\/div>\n\t\t\t\t<\/div>\n\t\t\t\t\t<\/div>\n\t\t<\/div>\n\t\t\t\t\t<\/div>\n\t\t<\/section>\n\t\t\t\t<section class=\"elementor-section elementor-top-section elementor-element elementor-element-f314bee elementor-section-boxed elementor-section-height-default elementor-section-height-default\" data-id=\"f314bee\" data-element_type=\"section\">\n\t\t\t\t\t\t<div class=\"elementor-container elementor-column-gap-default\">\n\t\t\t\t\t<div class=\"elementor-column elementor-col-100 elementor-top-column elementor-element elementor-element-a10fab2\" data-id=\"a10fab2\" data-element_type=\"column\">\n\t\t\t<div class=\"elementor-widget-wrap elementor-element-populated\">\n\t\t\t\t\t\t<div class=\"elementor-element elementor-element-31ab1db elementor-align-center elementor-widget elementor-widget-button\" data-id=\"31ab1db\" data-element_type=\"widget\" data-widget_type=\"button.default\">\n\t\t\t\t<div class=\"elementor-widget-container\">\n\t\t\t\t\t\t\t\t\t<div class=\"elementor-button-wrapper\">\n\t\t\t\t\t<a class=\"elementor-button elementor-button-link elementor-size-sm\" href=\"https:\/\/moroccotourdesigners.com\/fr\/contact\/\">\n\t\t\t\t\t\t<span class=\"elementor-button-content-wrapper\">\n\t\t\t\t\t\t\t\t\t<span class=\"elementor-button-text\">Contactez-nous<\/span>\n\t\t\t\t\t<\/span>\n\t\t\t\t\t<\/a>\n\t\t\t\t<\/div>\n\t\t\t\t\t\t\t\t<\/div>\n\t\t\t\t<\/div>\n\t\t\t\t\t<\/div>\n\t\t<\/div>\n\t\t\t\t\t<\/div>\n\t\t<\/section>\n\t\t\t\t<\/div>","protected":false},"excerpt":{"rendered":"<p>Your Cultural Tour Our team is among the most respected, creative and knowledgeable tour guides in Morocco today. No other company has a more specialized or highly qualified team. They are your academic hosts, whose role is to enlighten and inspire you and they will be with you for the time you prefer. They will [&hellip;]<\/p>","protected":false},"author":1,"featured_media":0,"parent":0,"menu_order":0,"comment_status":"closed","ping_status":"closed","template":"","meta":{"site-sidebar-layout":"no-sidebar","site-content-layout":"","ast-site-content-layout":"full-width-container","site-content-style":"default","site-sidebar-style":"default","ast-global-header-display":"","ast-banner-title-visibility":"","ast-main-header-display":"","ast-hfb-above-header-display":"","ast-hfb-below-header-display":"","ast-hfb-mobile-header-display":"","site-post-title":"disabled","ast-breadcrumbs-content":"","ast-featured-img":"disabled","footer-sml-layout":"","theme-transparent-header-meta":"","adv-header-id-meta":"","stick-header-meta":"","header-above-stick-meta":"","header-main-stick-meta":"","header-below-stick-meta":"","astra-migrate-meta-layouts":"default","ast-page-background-enabled":"default","ast-page-background-meta":{"desktop":{"background-color":"var(--ast-global-color-4)","background-image":"","background-repeat":"repeat","background-position":"center center","background-size":"auto","background-attachment":"scroll","background-type":"","background-media":"","overlay-type":"","overlay-color":"","overlay-opacity":"","overlay-gradient":""},"tablet":{"background-color":"","background-image":"","background-repeat":"repeat","background-position":"center center","background-size":"auto","background-attachment":"scroll","background-type":"","background-media":"","overlay-type":"","overlay-color":"","overlay-opacity":"","overlay-gradient":""},"mobile":{"background-color":"","background-image":"","background-repeat":"repeat","background-position":"center center","background-size":"auto","background-attachment":"scroll","background-type":"","background-media":"","overlay-type":"","overlay-color":"","overlay-opacity":"","overlay-gradient":""}},"ast-content-background-meta":{"desktop":{"background-color":"var(--ast-global-color-5)","background-image":"","background-repeat":"repeat","background-position":"center center","background-size":"auto","background-attachment":"scroll","background-type":"","background-media":"","overlay-type":"","overlay-color":"","overlay-opacity":"","overlay-gradient":""},"tablet":{"background-color":"var(--ast-global-color-5)","background-image":"","background-repeat":"repeat","background-position":"center center","background-size":"auto","background-attachment":"scroll","background-type":"","background-media":"","overlay-type":"","overlay-color":"","overlay-opacity":"","overlay-gradient":""},"mobile":{"background-color":"var(--ast-global-color-5)","background-image":"","background-repeat":"repeat","background-position":"center center","background-size":"auto","background-attachment":"scroll","background-type":"","background-media":"","overlay-type":"","overlay-color":"","overlay-opacity":"","overlay-gradient":""}},"footnotes":""},"class_list":["post-718","page","type-page","status-publish","hentry"],"_links":{"self":[{"href":"https:\/\/moroccotourdesigners.com\/fr\/wp-json\/wp\/v2\/pages\/718","targetHints":{"allow":["GET"]}}],"collection":[{"href":"https:\/\/moroccotourdesigners.com\/fr\/wp-json\/wp\/v2\/pages"}],"about":[{"href":"https:\/\/moroccotourdesigners.com\/fr\/wp-json\/wp\/v2\/types\/page"}],"author":[{"embeddable":true,"href":"https:\/\/moroccotourdesigners.com\/fr\/wp-json\/wp\/v2\/users\/1"}],"replies":[{"embeddable":true,"href":"https:\/\/moroccotourdesigners.com\/fr\/wp-json\/wp\/v2\/comments?post=718"}],"version-history":[{"count":25,"href":"https:\/\/moroccotourdesigners.com\/fr\/wp-json\/wp\/v2\/pages\/718\/revisions"}],"predecessor-version":[{"id":990,"href":"https:\/\/moroccotourdesigners.com\/fr\/wp-json\/wp\/v2\/pages\/718\/revisions\/990"}],"wp:attachment":[{"href":"https:\/\/moroccotourdesigners.com\/fr\/wp-json\/wp\/v2\/media?parent=718"}],"curies":[{"name":"wp","href":"https:\/\/api.w.org\/{rel}","templated":true}]}}