{"id":720,"date":"2025-01-22T12:44:53","date_gmt":"2025-01-22T12:44:53","guid":{"rendered":"https:\/\/moroccotourdesigners.com\/?page_id=720"},"modified":"2025-04-15T13:26:59","modified_gmt":"2025-04-15T13:26:59","slug":"your-shopping-tour","status":"publish","type":"page","link":"https:\/\/moroccotourdesigners.com\/fr\/your-shopping-tour\/","title":{"rendered":"Votre visite shopping"},"content":{"rendered":"<div data-elementor-type=\"wp-page\" data-elementor-id=\"720\" class=\"elementor elementor-720\">\n\t\t\t\t\t\t<section class=\"elementor-section elementor-top-section elementor-element elementor-element-373a21b elementor-section-height-min-height elementor-section-boxed elementor-section-height-default elementor-section-items-middle\" data-id=\"373a21b\" data-element_type=\"section\" data-settings=\"{&quot;background_background&quot;:&quot;classic&quot;}\">\n\t\t\t\t\t\t<div class=\"elementor-container elementor-column-gap-default\">\n\t\t\t\t\t<div class=\"elementor-column elementor-col-100 elementor-top-column elementor-element elementor-element-37d34a8\" data-id=\"37d34a8\" data-element_type=\"column\">\n\t\t\t<div class=\"elementor-widget-wrap elementor-element-populated\">\n\t\t\t\t\t\t<div class=\"elementor-element elementor-element-2534784 elementor-invisible elementor-widget elementor-widget-heading\" data-id=\"2534784\" data-element_type=\"widget\" data-settings=\"{&quot;_animation&quot;:&quot;fadeInUp&quot;}\" data-widget_type=\"heading.default\">\n\t\t\t\t<div class=\"elementor-widget-container\">\n\t\t\t\t\t<h2 class=\"elementor-heading-title elementor-size-default\">Votre visite shopping<\/h2>\t\t\t\t<\/div>\n\t\t\t\t<\/div>\n\t\t\t\t\t<\/div>\n\t\t<\/div>\n\t\t\t\t\t<\/div>\n\t\t<\/section>\n\t\t\t\t<section class=\"elementor-section elementor-top-section elementor-element elementor-element-14c4a20 elementor-section-boxed elementor-section-height-default elementor-section-height-default\" data-id=\"14c4a20\" data-element_type=\"section\">\n\t\t\t\t\t\t<div class=\"elementor-container elementor-column-gap-default\">\n\t\t\t\t\t<div class=\"elementor-column elementor-col-50 elementor-top-column elementor-element elementor-element-c832f22\" data-id=\"c832f22\" data-element_type=\"column\">\n\t\t\t<div class=\"elementor-widget-wrap elementor-element-populated\">\n\t\t\t\t\t\t<div class=\"elementor-element elementor-element-ce6740f elementor-invisible elementor-widget elementor-widget-text-editor\" data-id=\"ce6740f\" data-element_type=\"widget\" data-settings=\"{&quot;_animation&quot;:&quot;fadeInUp&quot;}\" data-widget_type=\"text-editor.default\">\n\t\t\t\t<div class=\"elementor-widget-container\">\n\t\t\t\t\t\t\t\t\t<p>Lorsque vous vous trouvez dans un pays \u00e9tranger, avec une langue diff\u00e9rente et une ville con\u00e7ue de mani\u00e8re labyrinthique, vous pourriez souhaiter l'assistance d'un assistant personnel pour les courses. Cela am\u00e9liorera consid\u00e9rablement votre exp\u00e9rience de shopping tout en vous faisant gagner du temps et de l'argent.<\/p><p><span style=\"font-style: inherit; font-weight: inherit;\">Que vous cherchiez une nouvelle pi\u00e8ce pour votre garde-robe, un bijou, une tapisserie tribale ou une vieille commode, pourquoi ne pas laisser un assistant personnel hautement qualifi\u00e9 faire le travail \u00e0 votre place, tandis que vous sirotez une tasse de th\u00e9 \u00e0 la menthe dans les meilleures boutiques et les plus fiables ? Nous organiserons les rendez-vous pour vous aider \u00e0 trouver les v\u00eatements et objets pour la maison dont vous avez besoin \u2013 sans obligation d'achat !<\/span><\/p><p><span style=\"font-style: inherit; font-weight: inherit;\">La consultation avec votre assistant personnel dure environ une demi-heure, durant laquelle vous discuterez de vos besoins et de votre budget. Ils prendront en compte votre mode de vie, vos couleurs pr\u00e9f\u00e9r\u00e9es, les marques que vous appr\u00e9ciez et votre personnalit\u00e9 avant de s\u00e9lectionner les magasins qu'ils vous emm\u00e8neront visiter.<\/span><\/p>\t\t\t\t\t\t\t\t<\/div>\n\t\t\t\t<\/div>\n\t\t\t\t\t<\/div>\n\t\t<\/div>\n\t\t\t\t<div class=\"elementor-column elementor-col-50 elementor-top-column elementor-element elementor-element-eac2c84\" data-id=\"eac2c84\" data-element_type=\"column\">\n\t\t\t<div class=\"elementor-widget-wrap elementor-element-populated\">\n\t\t\t\t\t\t<div class=\"elementor-element elementor-element-c43e877 animated-slow elementor-invisible elementor-widget elementor-widget-image\" data-id=\"c43e877\" data-element_type=\"widget\" data-settings=\"{&quot;_animation&quot;:&quot;fadeIn&quot;}\" data-widget_type=\"image.default\">\n\t\t\t\t<div class=\"elementor-widget-container\">\n\t\t\t\t\t\t\t\t\t\t\t\t\t\t\t<img fetchpriority=\"high\" decoding=\"async\" width=\"1024\" height=\"1024\" src=\"https:\/\/moroccotourdesigners.com\/wp-content\/uploads\/2025\/01\/shopping-1024x1024.jpeg\" class=\"elementor-animation-float attachment-large size-large wp-image-795\" alt=\"\" srcset=\"https:\/\/moroccotourdesigners.com\/wp-content\/uploads\/2025\/01\/shopping-1024x1024.jpeg 1024w, https:\/\/moroccotourdesigners.com\/wp-content\/uploads\/2025\/01\/shopping-300x300.jpeg 300w, https:\/\/moroccotourdesigners.com\/wp-content\/uploads\/2025\/01\/shopping-150x150.jpeg 150w, https:\/\/moroccotourdesigners.com\/wp-content\/uploads\/2025\/01\/shopping-768x768.jpeg 768w, https:\/\/moroccotourdesigners.com\/wp-content\/uploads\/2025\/01\/shopping-1536x1536.jpeg 1536w, https:\/\/moroccotourdesigners.com\/wp-content\/uploads\/2025\/01\/shopping.jpeg 2048w\" sizes=\"(max-width: 1024px) 100vw, 1024px\" \/>\t\t\t\t\t\t\t\t\t\t\t\t\t\t\t<\/div>\n\t\t\t\t<\/div>\n\t\t\t\t\t<\/div>\n\t\t<\/div>\n\t\t\t\t\t<\/div>\n\t\t<\/section>\n\t\t\t\t<section class=\"elementor-section elementor-top-section elementor-element elementor-element-8c867c1 elementor-section-boxed elementor-section-height-default elementor-section-height-default\" data-id=\"8c867c1\" data-element_type=\"section\">\n\t\t\t\t\t\t<div class=\"elementor-container elementor-column-gap-default\">\n\t\t\t\t\t<div class=\"elementor-column elementor-col-50 elementor-top-column elementor-element elementor-element-906635c\" data-id=\"906635c\" data-element_type=\"column\">\n\t\t\t<div class=\"elementor-widget-wrap elementor-element-populated\">\n\t\t\t\t\t\t<div class=\"elementor-element elementor-element-448a41b animated-slow elementor-invisible elementor-widget elementor-widget-image\" data-id=\"448a41b\" data-element_type=\"widget\" data-settings=\"{&quot;_animation&quot;:&quot;fadeIn&quot;}\" data-widget_type=\"image.default\">\n\t\t\t\t<div class=\"elementor-widget-container\">\n\t\t\t\t\t\t\t\t\t\t\t\t\t\t\t<img decoding=\"async\" width=\"1024\" height=\"1024\" src=\"https:\/\/moroccotourdesigners.com\/wp-content\/uploads\/2025\/01\/you-shopping-tour-1024x1024.jpeg\" class=\"elementor-animation-float attachment-large size-large wp-image-791\" alt=\"\" srcset=\"https:\/\/moroccotourdesigners.com\/wp-content\/uploads\/2025\/01\/you-shopping-tour-1024x1024.jpeg 1024w, https:\/\/moroccotourdesigners.com\/wp-content\/uploads\/2025\/01\/you-shopping-tour-300x300.jpeg 300w, https:\/\/moroccotourdesigners.com\/wp-content\/uploads\/2025\/01\/you-shopping-tour-150x150.jpeg 150w, https:\/\/moroccotourdesigners.com\/wp-content\/uploads\/2025\/01\/you-shopping-tour-768x768.jpeg 768w, https:\/\/moroccotourdesigners.com\/wp-content\/uploads\/2025\/01\/you-shopping-tour-1536x1536.jpeg 1536w, https:\/\/moroccotourdesigners.com\/wp-content\/uploads\/2025\/01\/you-shopping-tour.jpeg 2048w\" sizes=\"(max-width: 1024px) 100vw, 1024px\" \/>\t\t\t\t\t\t\t\t\t\t\t\t\t\t\t<\/div>\n\t\t\t\t<\/div>\n\t\t\t\t\t<\/div>\n\t\t<\/div>\n\t\t\t\t<div class=\"elementor-column elementor-col-50 elementor-top-column elementor-element elementor-element-978edf9\" data-id=\"978edf9\" data-element_type=\"column\">\n\t\t\t<div class=\"elementor-widget-wrap elementor-element-populated\">\n\t\t\t\t\t\t<div class=\"elementor-element elementor-element-cdc0f1a elementor-invisible elementor-widget elementor-widget-text-editor\" data-id=\"cdc0f1a\" data-element_type=\"widget\" data-settings=\"{&quot;_animation&quot;:&quot;fadeInUp&quot;}\" data-widget_type=\"text-editor.default\">\n\t\t\t\t<div class=\"elementor-widget-container\">\n\t\t\t\t\t\t\t\t\t<p>Du th\u00e9, du caf\u00e9 ou une boisson de votre choix vous est propos\u00e9e tandis que votre conseiller v\u00e9rifie et rassemble pour vous les articles susceptibles de vous int\u00e9resser. Vous restez celui ou celle qui dicte le ton de votre escapade shopping.<\/p><p><span style=\"font-style: inherit; font-weight: inherit;\">Si vous recherchez des objets de d\u00e9coration ou des \u00e9l\u00e9ments plus volumineux pour votre maison, votre assistant personnel peut vous guider vers les magasins appropri\u00e9s et pourrait m\u00eame faire les courses pour des cadeaux si vous le souhaitez. De plus, ils veilleront \u00e0 l\u2019emballage et \u00e0 l\u2019exp\u00e9dition, en assurant l\u2019arriv\u00e9e s\u00e9curis\u00e9e de vos achats chez vous. Leur service est propos\u00e9 sans aucune pression d\u2019achat.<\/span><\/p><p><span style=\"font-style: inherit; font-weight: inherit;\">Outre le shopping et la visite des sites anciens, l'une des activit\u00e9s les plus agr\u00e9ables \u00e0 Marrakech est de partir en tourn\u00e9e gastronomique. Voici quelques-uns des plats incroyablement savoureux et d\u00e9licieux que vous pourrez d\u00e9couvrir dans les restaurants locaux. Tenez-nous au courant si une tourn\u00e9e gastronomique pourrait figurer dans votre programme, et nous pourrons organiser cela pour vous.<\/span><\/p><p><span style=\"font-style: inherit; font-weight: inherit;\">Quels que soient vos centres d\u2019int\u00e9r\u00eat, nous vous offrons la mani\u00e8re essentielle de vivre le Maroc, bien au-del\u00e0 de ce que peut offrir un simple guide touristique.<\/span><\/p>\t\t\t\t\t\t\t\t<\/div>\n\t\t\t\t<\/div>\n\t\t\t\t\t<\/div>\n\t\t<\/div>\n\t\t\t\t\t<\/div>\n\t\t<\/section>\n\t\t\t\t<section class=\"elementor-section elementor-top-section elementor-element elementor-element-57e7e28 elementor-section-boxed elementor-section-height-default elementor-section-height-default\" data-id=\"57e7e28\" data-element_type=\"section\">\n\t\t\t\t\t\t<div class=\"elementor-container elementor-column-gap-default\">\n\t\t\t\t\t<div class=\"elementor-column elementor-col-100 elementor-top-column elementor-element elementor-element-207c4b0\" data-id=\"207c4b0\" data-element_type=\"column\">\n\t\t\t<div class=\"elementor-widget-wrap elementor-element-populated\">\n\t\t\t\t\t\t<div class=\"elementor-element elementor-element-5696799 elementor-align-center elementor-widget elementor-widget-button\" data-id=\"5696799\" data-element_type=\"widget\" data-widget_type=\"button.default\">\n\t\t\t\t<div class=\"elementor-widget-container\">\n\t\t\t\t\t\t\t\t\t<div class=\"elementor-button-wrapper\">\n\t\t\t\t\t<a class=\"elementor-button elementor-button-link elementor-size-sm\" href=\"https:\/\/moroccotourdesigners.com\/fr\/contact\/\">\n\t\t\t\t\t\t<span class=\"elementor-button-content-wrapper\">\n\t\t\t\t\t\t\t\t\t<span class=\"elementor-button-text\">Contactez-nous<\/span>\n\t\t\t\t\t<\/span>\n\t\t\t\t\t<\/a>\n\t\t\t\t<\/div>\n\t\t\t\t\t\t\t\t<\/div>\n\t\t\t\t<\/div>\n\t\t\t\t\t<\/div>\n\t\t<\/div>\n\t\t\t\t\t<\/div>\n\t\t<\/section>\n\t\t\t\t<\/div>","protected":false},"excerpt":{"rendered":"<p>Your Shopping Tour When you are in a foreign country, with a different language and a city designed in a mazelike fashion, you may want the assistance of a personal shopper. This will enhance your shopping experience tremendously as well as saving you time and money. Whether you\u2019re looking for a new addition to your [&hellip;]<\/p>","protected":false},"author":1,"featured_media":0,"parent":0,"menu_order":0,"comment_status":"closed","ping_status":"closed","template":"","meta":{"site-sidebar-layout":"no-sidebar","site-content-layout":"","ast-site-content-layout":"full-width-container","site-content-style":"default","site-sidebar-style":"default","ast-global-header-display":"","ast-banner-title-visibility":"","ast-main-header-display":"","ast-hfb-above-header-display":"","ast-hfb-below-header-display":"","ast-hfb-mobile-header-display":"","site-post-title":"disabled","ast-breadcrumbs-content":"","ast-featured-img":"disabled","footer-sml-layout":"","theme-transparent-header-meta":"","adv-header-id-meta":"","stick-header-meta":"","header-above-stick-meta":"","header-main-stick-meta":"","header-below-stick-meta":"","astra-migrate-meta-layouts":"default","ast-page-background-enabled":"default","ast-page-background-meta":{"desktop":{"background-color":"var(--ast-global-color-4)","background-image":"","background-repeat":"repeat","background-position":"center center","background-size":"auto","background-attachment":"scroll","background-type":"","background-media":"","overlay-type":"","overlay-color":"","overlay-opacity":"","overlay-gradient":""},"tablet":{"background-color":"","background-image":"","background-repeat":"repeat","background-position":"center center","background-size":"auto","background-attachment":"scroll","background-type":"","background-media":"","overlay-type":"","overlay-color":"","overlay-opacity":"","overlay-gradient":""},"mobile":{"background-color":"","background-image":"","background-repeat":"repeat","background-position":"center center","background-size":"auto","background-attachment":"scroll","background-type":"","background-media":"","overlay-type":"","overlay-color":"","overlay-opacity":"","overlay-gradient":""}},"ast-content-background-meta":{"desktop":{"background-color":"var(--ast-global-color-5)","background-image":"","background-repeat":"repeat","background-position":"center center","background-size":"auto","background-attachment":"scroll","background-type":"","background-media":"","overlay-type":"","overlay-color":"","overlay-opacity":"","overlay-gradient":""},"tablet":{"background-color":"var(--ast-global-color-5)","background-image":"","background-repeat":"repeat","background-position":"center center","background-size":"auto","background-attachment":"scroll","background-type":"","background-media":"","overlay-type":"","overlay-color":"","overlay-opacity":"","overlay-gradient":""},"mobile":{"background-color":"var(--ast-global-color-5)","background-image":"","background-repeat":"repeat","background-position":"center center","background-size":"auto","background-attachment":"scroll","background-type":"","background-media":"","overlay-type":"","overlay-color":"","overlay-opacity":"","overlay-gradient":""}},"footnotes":""},"class_list":["post-720","page","type-page","status-publish","hentry"],"_links":{"self":[{"href":"https:\/\/moroccotourdesigners.com\/fr\/wp-json\/wp\/v2\/pages\/720","targetHints":{"allow":["GET"]}}],"collection":[{"href":"https:\/\/moroccotourdesigners.com\/fr\/wp-json\/wp\/v2\/pages"}],"about":[{"href":"https:\/\/moroccotourdesigners.com\/fr\/wp-json\/wp\/v2\/types\/page"}],"author":[{"embeddable":true,"href":"https:\/\/moroccotourdesigners.com\/fr\/wp-json\/wp\/v2\/users\/1"}],"replies":[{"embeddable":true,"href":"https:\/\/moroccotourdesigners.com\/fr\/wp-json\/wp\/v2\/comments?post=720"}],"version-history":[{"count":37,"href":"https:\/\/moroccotourdesigners.com\/fr\/wp-json\/wp\/v2\/pages\/720\/revisions"}],"predecessor-version":[{"id":1057,"href":"https:\/\/moroccotourdesigners.com\/fr\/wp-json\/wp\/v2\/pages\/720\/revisions\/1057"}],"wp:attachment":[{"href":"https:\/\/moroccotourdesigners.com\/fr\/wp-json\/wp\/v2\/media?parent=720"}],"curies":[{"name":"wp","href":"https:\/\/api.w.org\/{rel}","templated":true}]}}