{"id":81,"date":"2024-12-18T14:19:27","date_gmt":"2024-12-18T14:19:27","guid":{"rendered":"https:\/\/moroccotourdesigners.com\/?page_id=81"},"modified":"2025-02-06T23:37:36","modified_gmt":"2025-02-06T23:37:36","slug":"lifestyle","status":"publish","type":"page","link":"https:\/\/moroccotourdesigners.com\/fr\/lifestyle\/","title":{"rendered":"Mode de vie"},"content":{"rendered":"<div data-elementor-type=\"wp-page\" data-elementor-id=\"81\" class=\"elementor elementor-81\">\n\t\t\t\t\t\t<section class=\"elementor-section elementor-top-section elementor-element elementor-element-0a2c579 elementor-section-height-min-height elementor-section-boxed elementor-section-height-default elementor-section-items-middle\" data-id=\"0a2c579\" data-element_type=\"section\" data-settings=\"{&quot;background_background&quot;:&quot;classic&quot;}\">\n\t\t\t\t\t\t<div class=\"elementor-container elementor-column-gap-default\">\n\t\t\t\t\t<div class=\"elementor-column elementor-col-100 elementor-top-column elementor-element elementor-element-c606df3\" data-id=\"c606df3\" data-element_type=\"column\">\n\t\t\t<div class=\"elementor-widget-wrap elementor-element-populated\">\n\t\t\t\t\t\t<div class=\"elementor-element elementor-element-1b2499a elementor-invisible elementor-widget elementor-widget-heading\" data-id=\"1b2499a\" data-element_type=\"widget\" data-settings=\"{&quot;_animation&quot;:&quot;fadeInUp&quot;}\" data-widget_type=\"heading.default\">\n\t\t\t\t<div class=\"elementor-widget-container\">\n\t\t\t\t\t<h2 class=\"elementor-heading-title elementor-size-default\">Mode de vie et services<\/h2>\t\t\t\t<\/div>\n\t\t\t\t<\/div>\n\t\t\t\t\t<\/div>\n\t\t<\/div>\n\t\t\t\t\t<\/div>\n\t\t<\/section>\n\t\t\t\t<section class=\"elementor-section elementor-top-section elementor-element elementor-element-005cc29 elementor-section-boxed elementor-section-height-default elementor-section-height-default\" data-id=\"005cc29\" data-element_type=\"section\">\n\t\t\t\t\t\t<div class=\"elementor-container elementor-column-gap-default\">\n\t\t\t\t\t<div class=\"elementor-column elementor-col-100 elementor-top-column elementor-element elementor-element-4435d03\" data-id=\"4435d03\" data-element_type=\"column\">\n\t\t\t<div class=\"elementor-widget-wrap elementor-element-populated\">\n\t\t\t\t\t\t<div class=\"elementor-element elementor-element-bcc0536 elementor-widget elementor-widget-text-editor\" data-id=\"bcc0536\" data-element_type=\"widget\" data-widget_type=\"text-editor.default\">\n\t\t\t\t<div class=\"elementor-widget-container\">\n\t\t\t\t\t\t\t\t\t<p>Morocco Tour Designers est votre partenaire au Maroc pour concevoir exceptionnellement votre voyage, de l\u2019h\u00e9bergement et de la guidance touristique, \u00e0 l\u2019accompagnement en mati\u00e8re de mode\/decoration jusqu'au transport.<\/p>\t\t\t\t\t\t\t\t<\/div>\n\t\t\t\t<\/div>\n\t\t\t\t\t<\/div>\n\t\t<\/div>\n\t\t\t\t\t<\/div>\n\t\t<\/section>\n\t\t\t\t<section class=\"elementor-section elementor-top-section elementor-element elementor-element-3699d7e elementor-section-boxed elementor-section-height-default elementor-section-height-default\" data-id=\"3699d7e\" data-element_type=\"section\">\n\t\t\t\t\t\t<div class=\"elementor-container elementor-column-gap-default\">\n\t\t\t\t\t<div class=\"elementor-column elementor-col-50 elementor-top-column elementor-element elementor-element-ee2bb5a\" data-id=\"ee2bb5a\" data-element_type=\"column\">\n\t\t\t<div class=\"elementor-widget-wrap elementor-element-populated\">\n\t\t\t\t\t\t<div class=\"elementor-element elementor-element-5523bbe elementor-invisible elementor-widget elementor-widget-heading\" data-id=\"5523bbe\" data-element_type=\"widget\" data-settings=\"{&quot;_animation&quot;:&quot;fadeInUp&quot;}\" data-widget_type=\"heading.default\">\n\t\t\t\t<div class=\"elementor-widget-container\">\n\t\t\t\t\t<h2 class=\"elementor-heading-title elementor-size-default\">Votre vision est notre mission<span style=\"font-style: inherit;\"><\/span><\/h2>\t\t\t\t<\/div>\n\t\t\t\t<\/div>\n\t\t\t\t<div class=\"elementor-element elementor-element-7fc2ad7 elementor-invisible elementor-widget elementor-widget-text-editor\" data-id=\"7fc2ad7\" data-element_type=\"widget\" data-settings=\"{&quot;_animation&quot;:&quot;fadeInUp&quot;}\" data-widget_type=\"text-editor.default\">\n\t\t\t\t<div class=\"elementor-widget-container\">\n\t\t\t\t\t\t\t\t\t<p>Notre philosophie est de se mettre \u00e0 la place de l'invit\u00e9.&nbsp;<span style=\"font-style: inherit; font-weight: inherit;\">Morocco Tour Designers:<\/span><\/p><p><ul><li><span style=\"font-style: inherit; font-weight: inherit;\">est une entreprise avec un parcours \u00e9prouv\u00e9 ! Au cours des 15 derni\u00e8res ann\u00e9es, nous avons clairement r\u00e9pondu aux attentes de nos clients.&nbsp;<\/span><\/li><li><span style=\"font-style: inherit; font-weight: inherit;\">a une approche exceptionnelle pour offrir des services de guidage de tours et de gestion du mode de vie de haute qualit\u00e9 \u00e0 ses invit\u00e9s exclusifs.&nbsp;<\/span><\/li><li>s'engage \u00e0 fournir le plus haut niveau de service et une exp\u00e9rience inoubliable.<\/li><\/ul><\/p>\t\t\t\t\t\t\t\t<\/div>\n\t\t\t\t<\/div>\n\t\t\t\t\t<\/div>\n\t\t<\/div>\n\t\t\t\t<div class=\"elementor-column elementor-col-50 elementor-top-column elementor-element elementor-element-c4de623\" data-id=\"c4de623\" data-element_type=\"column\">\n\t\t\t<div class=\"elementor-widget-wrap elementor-element-populated\">\n\t\t\t\t\t\t<div class=\"elementor-element elementor-element-3e06953 animated-slow elementor-invisible elementor-widget elementor-widget-image\" data-id=\"3e06953\" data-element_type=\"widget\" data-settings=\"{&quot;_animation&quot;:&quot;fadeIn&quot;}\" data-widget_type=\"image.default\">\n\t\t\t\t<div class=\"elementor-widget-container\">\n\t\t\t\t\t\t\t\t\t\t\t\t\t\t\t<img fetchpriority=\"high\" decoding=\"async\" width=\"1024\" height=\"1024\" src=\"https:\/\/moroccotourdesigners.com\/wp-content\/uploads\/2025\/01\/Gemini_Generated_Image_12kezb12kezb12ke-1024x1024.jpeg\" class=\"elementor-animation-float attachment-large size-large wp-image-705\" alt=\"\" srcset=\"https:\/\/moroccotourdesigners.com\/wp-content\/uploads\/2025\/01\/Gemini_Generated_Image_12kezb12kezb12ke-1024x1024.jpeg 1024w, https:\/\/moroccotourdesigners.com\/wp-content\/uploads\/2025\/01\/Gemini_Generated_Image_12kezb12kezb12ke-300x300.jpeg 300w, https:\/\/moroccotourdesigners.com\/wp-content\/uploads\/2025\/01\/Gemini_Generated_Image_12kezb12kezb12ke-150x150.jpeg 150w, https:\/\/moroccotourdesigners.com\/wp-content\/uploads\/2025\/01\/Gemini_Generated_Image_12kezb12kezb12ke-768x768.jpeg 768w, https:\/\/moroccotourdesigners.com\/wp-content\/uploads\/2025\/01\/Gemini_Generated_Image_12kezb12kezb12ke-1536x1536.jpeg 1536w, https:\/\/moroccotourdesigners.com\/wp-content\/uploads\/2025\/01\/Gemini_Generated_Image_12kezb12kezb12ke.jpeg 2048w\" sizes=\"(max-width: 1024px) 100vw, 1024px\" \/>\t\t\t\t\t\t\t\t\t\t\t\t\t\t\t<\/div>\n\t\t\t\t<\/div>\n\t\t\t\t\t<\/div>\n\t\t<\/div>\n\t\t\t\t\t<\/div>\n\t\t<\/section>\n\t\t\t\t<section class=\"elementor-section elementor-top-section elementor-element elementor-element-312c603 elementor-section-boxed elementor-section-height-default elementor-section-height-default\" data-id=\"312c603\" data-element_type=\"section\">\n\t\t\t\t\t\t<div class=\"elementor-container elementor-column-gap-default\">\n\t\t\t\t\t<div class=\"elementor-column elementor-col-50 elementor-top-column elementor-element elementor-element-b7c6105\" data-id=\"b7c6105\" data-element_type=\"column\">\n\t\t\t<div class=\"elementor-widget-wrap elementor-element-populated\">\n\t\t\t\t\t\t<div class=\"elementor-element elementor-element-c95bc6c animated-slow elementor-invisible elementor-widget elementor-widget-image\" data-id=\"c95bc6c\" data-element_type=\"widget\" data-settings=\"{&quot;_animation&quot;:&quot;fadeIn&quot;}\" data-widget_type=\"image.default\">\n\t\t\t\t<div class=\"elementor-widget-container\">\n\t\t\t\t\t\t\t\t\t\t\t\t\t\t\t<img decoding=\"async\" width=\"1024\" height=\"1024\" src=\"https:\/\/moroccotourdesigners.com\/wp-content\/uploads\/2025\/01\/Gemini_Generated_Image_upjtq0upjtq0upjt-1024x1024.jpeg\" class=\"elementor-animation-float attachment-large size-large wp-image-709\" alt=\"\" srcset=\"https:\/\/moroccotourdesigners.com\/wp-content\/uploads\/2025\/01\/Gemini_Generated_Image_upjtq0upjtq0upjt-1024x1024.jpeg 1024w, https:\/\/moroccotourdesigners.com\/wp-content\/uploads\/2025\/01\/Gemini_Generated_Image_upjtq0upjtq0upjt-300x300.jpeg 300w, https:\/\/moroccotourdesigners.com\/wp-content\/uploads\/2025\/01\/Gemini_Generated_Image_upjtq0upjtq0upjt-150x150.jpeg 150w, https:\/\/moroccotourdesigners.com\/wp-content\/uploads\/2025\/01\/Gemini_Generated_Image_upjtq0upjtq0upjt-768x768.jpeg 768w, https:\/\/moroccotourdesigners.com\/wp-content\/uploads\/2025\/01\/Gemini_Generated_Image_upjtq0upjtq0upjt-1536x1536.jpeg 1536w, https:\/\/moroccotourdesigners.com\/wp-content\/uploads\/2025\/01\/Gemini_Generated_Image_upjtq0upjtq0upjt.jpeg 2048w\" sizes=\"(max-width: 1024px) 100vw, 1024px\" \/>\t\t\t\t\t\t\t\t\t\t\t\t\t\t\t<\/div>\n\t\t\t\t<\/div>\n\t\t\t\t\t<\/div>\n\t\t<\/div>\n\t\t\t\t<div class=\"elementor-column elementor-col-50 elementor-top-column elementor-element elementor-element-d1cd776\" data-id=\"d1cd776\" data-element_type=\"column\">\n\t\t\t<div class=\"elementor-widget-wrap elementor-element-populated\">\n\t\t\t\t\t\t<div class=\"elementor-element elementor-element-a289484 elementor-invisible elementor-widget elementor-widget-heading\" data-id=\"a289484\" data-element_type=\"widget\" data-settings=\"{&quot;_animation&quot;:&quot;fadeInUp&quot;}\" data-widget_type=\"heading.default\">\n\t\t\t\t<div class=\"elementor-widget-container\">\n\t\t\t\t\t<h2 class=\"elementor-heading-title elementor-size-default\">Travailler avec une entreprise de gestion de mode de vie professionnelle signifie :<span style=\"font-style: inherit;\"><\/span><\/h2>\t\t\t\t<\/div>\n\t\t\t\t<\/div>\n\t\t\t\t<div class=\"elementor-element elementor-element-c6c0d3a elementor-invisible elementor-widget elementor-widget-text-editor\" data-id=\"c6c0d3a\" data-element_type=\"widget\" data-settings=\"{&quot;_animation&quot;:&quot;fadeInUp&quot;}\" data-widget_type=\"text-editor.default\">\n\t\t\t\t<div class=\"elementor-widget-container\">\n\t\t\t\t\t\t\t\t\t<p>Nous poursuivons l'excellence dans nos suggestions concernant l'h\u00e9bergement, l'association de nos guides avec nos clients, le choix du v\u00e9hicule avec le chauffeur le plus professionnel, ainsi que nos pr\u00e9cieux conseils pour les achats et les restaurants. Nos clients sont toujours \u00e9tonn\u00e9s par la qualit\u00e9 de service qu'ils re\u00e7oivent de notre part, soulignant qu'ils ont d\u00e9couvert le vrai Maroc \"hors des sentiers battus\" \u2013 et non seulement les attractions touristiques. Nous allons toujours au-del\u00e0 du simple devoir professionnel. Des mots comme \u00ab gentil \u00bb, \u00ab cr\u00e9atif \u00bb, \u00ab fiable \u00bb et \u00ab attentionn\u00e9 \u00bb sont couramment utilis\u00e9s par nos anciens invit\u00e9s, qui continuent \u00e0 nous recommander aupr\u00e8s de nouveaux clients, m\u00eame apr\u00e8s plus de 15 ans.<\/p>\t\t\t\t\t\t\t\t<\/div>\n\t\t\t\t<\/div>\n\t\t\t\t\t<\/div>\n\t\t<\/div>\n\t\t\t\t\t<\/div>\n\t\t<\/section>\n\t\t\t\t<section class=\"elementor-section elementor-top-section elementor-element elementor-element-2f58b5d elementor-section-boxed elementor-section-height-default elementor-section-height-default\" data-id=\"2f58b5d\" data-element_type=\"section\">\n\t\t\t\t\t\t<div class=\"elementor-container elementor-column-gap-default\">\n\t\t\t\t\t<div class=\"elementor-column elementor-col-100 elementor-top-column elementor-element elementor-element-391acc5\" data-id=\"391acc5\" data-element_type=\"column\">\n\t\t\t<div class=\"elementor-widget-wrap elementor-element-populated\">\n\t\t\t\t\t\t<div class=\"elementor-element elementor-element-3148146 elementor-invisible elementor-widget elementor-widget-text-editor\" data-id=\"3148146\" data-element_type=\"widget\" data-settings=\"{&quot;_animation&quot;:&quot;fadeInUp&quot;}\" data-widget_type=\"text-editor.default\">\n\t\t\t\t<div class=\"elementor-widget-container\">\n\t\t\t\t\t\t\t\t\t<p>Un service professionnel comme le n\u00f4tre garantit que l'exp\u00e9rience de vos invit\u00e9s est consid\u00e9rablement am\u00e9lior\u00e9e, assurant satisfaction et excellentes critiques. Apr\u00e8s tout, les invit\u00e9s ne voyagent pas jusqu'\u00e0 Marrakech simplement pour rester \u00e0 l'h\u00f4tel ; visiter les sites de la ville et ses environs en compagnie d'un concepteur de circuits comp\u00e9tent et talentueux joue un r\u00f4le crucial dans leur exp\u00e9rience.<\/p>\t\t\t\t\t\t\t\t<\/div>\n\t\t\t\t<\/div>\n\t\t\t\t\t<\/div>\n\t\t<\/div>\n\t\t\t\t\t<\/div>\n\t\t<\/section>\n\t\t\t\t<section class=\"elementor-section elementor-top-section elementor-element elementor-element-cb02f21 elementor-section-boxed elementor-section-height-default elementor-section-height-default\" data-id=\"cb02f21\" data-element_type=\"section\">\n\t\t\t\t\t\t<div class=\"elementor-container elementor-column-gap-default\">\n\t\t\t\t\t<div class=\"elementor-column elementor-col-100 elementor-top-column elementor-element elementor-element-9c9fe72\" data-id=\"9c9fe72\" data-element_type=\"column\">\n\t\t\t<div class=\"elementor-widget-wrap elementor-element-populated\">\n\t\t\t\t\t\t<div class=\"elementor-element elementor-element-9a0b214 elementor-invisible elementor-widget elementor-widget-text-editor\" data-id=\"9a0b214\" data-element_type=\"widget\" data-settings=\"{&quot;_animation&quot;:&quot;fadeInUp&quot;}\" data-widget_type=\"text-editor.default\">\n\t\t\t\t<div class=\"elementor-widget-container\">\n\t\t\t\t\t\t\t\t\t<p>\u00ab Un bon guide de visite peut changer la mani\u00e8re dont nous exp\u00e9rimentons une destination. \u00bb\u00a0<span style=\"font-style: inherit; font-weight: inherit;\">Anonyme<\/span><\/p>\t\t\t\t\t\t\t\t<\/div>\n\t\t\t\t<\/div>\n\t\t\t\t<div class=\"elementor-element elementor-element-ed46a57 elementor-align-center elementor-widget elementor-widget-button\" data-id=\"ed46a57\" data-element_type=\"widget\" data-widget_type=\"button.default\">\n\t\t\t\t<div class=\"elementor-widget-container\">\n\t\t\t\t\t\t\t\t\t<div class=\"elementor-button-wrapper\">\n\t\t\t\t\t<a class=\"elementor-button elementor-button-link elementor-size-sm\" href=\"https:\/\/moroccotourdesigners.com\/fr\/contact\/\">\n\t\t\t\t\t\t<span class=\"elementor-button-content-wrapper\">\n\t\t\t\t\t\t\t\t\t<span class=\"elementor-button-text\">Contactez-nous<\/span>\n\t\t\t\t\t<\/span>\n\t\t\t\t\t<\/a>\n\t\t\t\t<\/div>\n\t\t\t\t\t\t\t\t<\/div>\n\t\t\t\t<\/div>\n\t\t\t\t\t<\/div>\n\t\t<\/div>\n\t\t\t\t\t<\/div>\n\t\t<\/section>\n\t\t\t\t<\/div>","protected":false},"excerpt":{"rendered":"<p>Lifestyle and services Morocco Tour Designers is your partner in Morocco to quintessentially designing your trip from lodging, Tour guiding, to fashion \/decor advising and transportation. Your Vision is Our Mission Our philosophy is to put ourselves in the place of the guest.&nbsp;Morocco Tour Designers: is a company with a proven track record! We have [&hellip;]<\/p>","protected":false},"author":1,"featured_media":0,"parent":0,"menu_order":0,"comment_status":"closed","ping_status":"closed","template":"","meta":{"site-sidebar-layout":"no-sidebar","site-content-layout":"","ast-site-content-layout":"full-width-container","site-content-style":"default","site-sidebar-style":"default","ast-global-header-display":"","ast-banner-title-visibility":"","ast-main-header-display":"","ast-hfb-above-header-display":"","ast-hfb-below-header-display":"","ast-hfb-mobile-header-display":"","site-post-title":"disabled","ast-breadcrumbs-content":"","ast-featured-img":"disabled","footer-sml-layout":"","theme-transparent-header-meta":"","adv-header-id-meta":"","stick-header-meta":"","header-above-stick-meta":"","header-main-stick-meta":"","header-below-stick-meta":"","astra-migrate-meta-layouts":"default","ast-page-background-enabled":"default","ast-page-background-meta":{"desktop":{"background-color":"var(--ast-global-color-4)","background-image":"","background-repeat":"repeat","background-position":"center center","background-size":"auto","background-attachment":"scroll","background-type":"","background-media":"","overlay-type":"","overlay-color":"","overlay-opacity":"","overlay-gradient":""},"tablet":{"background-color":"","background-image":"","background-repeat":"repeat","background-position":"center center","background-size":"auto","background-attachment":"scroll","background-type":"","background-media":"","overlay-type":"","overlay-color":"","overlay-opacity":"","overlay-gradient":""},"mobile":{"background-color":"","background-image":"","background-repeat":"repeat","background-position":"center center","background-size":"auto","background-attachment":"scroll","background-type":"","background-media":"","overlay-type":"","overlay-color":"","overlay-opacity":"","overlay-gradient":""}},"ast-content-background-meta":{"desktop":{"background-color":"var(--ast-global-color-5)","background-image":"","background-repeat":"repeat","background-position":"center center","background-size":"auto","background-attachment":"scroll","background-type":"","background-media":"","overlay-type":"","overlay-color":"","overlay-opacity":"","overlay-gradient":""},"tablet":{"background-color":"var(--ast-global-color-5)","background-image":"","background-repeat":"repeat","background-position":"center center","background-size":"auto","background-attachment":"scroll","background-type":"","background-media":"","overlay-type":"","overlay-color":"","overlay-opacity":"","overlay-gradient":""},"mobile":{"background-color":"var(--ast-global-color-5)","background-image":"","background-repeat":"repeat","background-position":"center center","background-size":"auto","background-attachment":"scroll","background-type":"","background-media":"","overlay-type":"","overlay-color":"","overlay-opacity":"","overlay-gradient":""}},"footnotes":""},"class_list":["post-81","page","type-page","status-publish","hentry"],"_links":{"self":[{"href":"https:\/\/moroccotourdesigners.com\/fr\/wp-json\/wp\/v2\/pages\/81","targetHints":{"allow":["GET"]}}],"collection":[{"href":"https:\/\/moroccotourdesigners.com\/fr\/wp-json\/wp\/v2\/pages"}],"about":[{"href":"https:\/\/moroccotourdesigners.com\/fr\/wp-json\/wp\/v2\/types\/page"}],"author":[{"embeddable":true,"href":"https:\/\/moroccotourdesigners.com\/fr\/wp-json\/wp\/v2\/users\/1"}],"replies":[{"embeddable":true,"href":"https:\/\/moroccotourdesigners.com\/fr\/wp-json\/wp\/v2\/comments?post=81"}],"version-history":[{"count":61,"href":"https:\/\/moroccotourdesigners.com\/fr\/wp-json\/wp\/v2\/pages\/81\/revisions"}],"predecessor-version":[{"id":987,"href":"https:\/\/moroccotourdesigners.com\/fr\/wp-json\/wp\/v2\/pages\/81\/revisions\/987"}],"wp:attachment":[{"href":"https:\/\/moroccotourdesigners.com\/fr\/wp-json\/wp\/v2\/media?parent=81"}],"curies":[{"name":"wp","href":"https:\/\/api.w.org\/{rel}","templated":true}]}}